{"id":11637,"date":"2021-06-27T12:23:28","date_gmt":"2021-06-23T11:35:05","guid":{"rendered":"https:\/\/www.newdeal-music.fr\/produit\/me-as-the-devil-cannibal\/"},"modified":"2021-06-28T07:40:26","modified_gmt":"2021-06-28T06:40:26","slug":"me-as-the-devil-cannibal","status":"publish","type":"product","link":"https:\/\/www.newdeal-music.fr\/en\/product\/me-as-the-devil-cannibal\/","title":{"rendered":"Me As The Devil &#8211; Cannibal"},"content":{"rendered":"<p><strong>In the media<\/strong>:<\/p>\n<p><em>&#8220;Une porte d\u2019entr\u00e9e vers la reconnaissance et le succ\u00e8s.&#8221;<\/em> 18\/20 (<a href=\"https:\/\/www.spirit-of-metal.com\/fr\/album\/Cannibal\/266136\" target=\"_blank\" rel=\"noopener\">Spirit of Metal<\/a>)<\/p>\n<p><em>&#8220;Une r\u00e9ussite artistique compl\u00e8te !&#8221;<\/em>&nbsp;(<a href=\"http:\/\/nawakposse.com\/kro10.html\" target=\"_blank\" rel=\"noopener\">Nawak Pose<\/a>)<\/p>\n<p><em>&#8220;Quelle classe ! ME AS THE DEVIL impr\u00e8gne son rock m\u00e9tallis\u00e9 d&#8217;influences industrielles \/ new wave savoureuses.&#8221;<\/em>&nbsp;(Metalland)<\/p>\n<p><strong>Tracks:<\/strong><\/p>\n<ol>\n<li>Cannibal<\/li>\n<li>Holy Sentence<\/li>\n<li>She&#8217;s coming back for me<\/li>\n<li>Anger<\/li>\n<\/ol>\n<p><strong>In video:<\/strong><\/p>\n\t\t\t<div \n\t\t\tclass=\"yotu-playlist yotuwp yotu-limit-min yotu-limit-max   yotu-thumb-169  yotu-template-grid\" \n\t\t\tdata-page=\"1\"\n\t\t\tid=\"yotuwp-69faf993e452d\"\n\t\t\tdata-yotu=\"69faf99404acf\"\n\t\t\tdata-total=\"1\"\n\t\t\tdata-settings=\"eyJ0eXBlIjoidmlkZW9zIiwiaWQiOiJjb19UMDZiNnd3USIsInBhZ2luYXRpb24iOiJvbiIsInBhZ2l0eXBlIjoicGFnZXIiLCJjb2x1bW4iOiIzIiwicGVyX3BhZ2UiOiIxMiIsInRlbXBsYXRlIjoiZ3JpZCIsInRpdGxlIjoib24iLCJkZXNjcmlwdGlvbiI6Im9mZiIsInRodW1icmF0aW8iOiIxNjkiLCJtZXRhIjoib2ZmIiwibWV0YV9kYXRhIjoib2ZmIiwibWV0YV9wb3NpdGlvbiI6Im9mZiIsImRhdGVfZm9ybWF0Ijoib2ZmIiwibWV0YV9hbGlnbiI6Im9mZiIsInN1YnNjcmliZSI6Im9mZiIsImR1cmF0aW9uIjoib2ZmIiwibWV0YV9pY29uIjoib2ZmIiwibmV4dHRleHQiOiIiLCJwcmV2dGV4dCI6IiIsImxvYWRtb3JldGV4dCI6IiIsInBsYXllciI6eyJtb2RlIjoibGFyZ2UiLCJ3aWR0aCI6IjYwMCIsInNjcm9sbGluZyI6IjEwMCIsImF1dG9wbGF5IjowLCJjb250cm9scyI6MSwibW9kZXN0YnJhbmRpbmciOjEsImxvb3AiOjAsImF1dG9uZXh0IjowLCJzaG93aW5mbyI6MSwicmVsIjoxLCJwbGF5aW5nIjowLCJwbGF5aW5nX2Rlc2NyaXB0aW9uIjowLCJ0aHVtYm5haWxzIjowLCJjY19sb2FkX3BvbGljeSI6IjEiLCJjY19sYW5nX3ByZWYiOiIxIiwiaGwiOiIiLCJpdl9sb2FkX3BvbGljeSI6IjEifSwibGFzdF90YWIiOiJzZXR0aW5ncyIsInVzZV9hc19tb2RhbCI6Im9mZiIsIm1vZGFsX2lkIjoib2ZmIiwibGFzdF91cGRhdGUiOiIxNjIwNDk0NTUxIiwic3R5bGluZyI6eyJwYWdlcl9sYXlvdXQiOiJkZWZhdWx0IiwiYnV0dG9uIjoiMSIsImJ1dHRvbl9jb2xvciI6IiIsImJ1dHRvbl9iZ19jb2xvciI6IiIsImJ1dHRvbl9jb2xvcl9ob3ZlciI6IiIsImJ1dHRvbl9iZ19jb2xvcl9ob3ZlciI6IiIsInZpZGVvX3N0eWxlIjoiIiwicGxheWljb25fY29sb3IiOiIiLCJob3Zlcl9pY29uIjoiIiwiZ2FsbGVyeV9iZyI6IiJ9LCJlZmZlY3RzIjp7InZpZGVvX2JveCI6IiIsImZsaXBfZWZmZWN0IjoiIn0sImdhbGxlcnlfaWQiOiI2OWZhZjk5M2U0NTJkIn0=\"\n\t\t\tdata-player=\"large\"\n\t\t\tdata-showdesc=\"off\" >\n\t\t\t\t<div>\n\t\t\t\t\t\t\t\t\t\t<div class=\"yotu-wrapper-player\" style=\"width:600px\">\n\t\t\t\t\t\t\t\t\t\t\t\t<div class=\"yotu-player\">\n\t\t\t\t\t\t\t<div class=\"yotu-video-placeholder\" id=\"yotu-player-69faf99404acf\"><\/div>\n\t\t\t\t\t\t<\/div>\n\t\t\t\t\t\t<div class=\"yotu-playing-status\"><\/div>\n\t\t\t\t\t\t\t\t\t\t\t<\/div>\n\n\t\t\t\t\t<div class=\"yotu-pagination yotu-hide yotu-pager_layout-default yotu-pagination-top\">\n<a href=\"#\" class=\"yotu-pagination-prev yotu-button-prs yotu-button-prs-1\" data-page=\"prev\">Prev<\/a>\n<span class=\"yotu-pagination-current\">1<\/span> <span>of<\/span> <span class=\"yotu-pagination-total\">1<\/span>\n<a href=\"#\" class=\"yotu-pagination-next yotu-button-prs yotu-button-prs-1\" data-page=\"next\">Next<\/a>\n<\/div>\n<div class=\"yotu-videos yotu-mode-grid yotu-column-3 yotu-player-mode-large\">\n\t<ul>\n\t\t\t\t\t<li class=\" yotu-first yotu-last\">\n\t\t\t\t\t\t\t\t<a href=\"#co_T06b6wwQ\" class=\"yotu-video\" data-videoid=\"co_T06b6wwQ\" data-title=\"Me As the Devil ~ Cannibal [Official Music Video]\" title=\"Me As the Devil ~ Cannibal [Official Music Video]\">\n\t\t\t\t\t<div class=\"yotu-video-thumb-wrp\">\n\t\t\t\t\t\t<div>\n\t\t\t\t\t\t\t\t\t\t\t\t\t\t<img decoding=\"async\" class=\"yotu-video-thumb\" src=\"https:\/\/i.ytimg.com\/vi\/co_T06b6wwQ\/sddefault.jpg\" alt=\"Me As the Devil ~ Cannibal [Official Music Video]\">\t\n\t\t\t\t\t\t\t\t\t\t\t\t\t<\/div>\n\t\t\t\t\t<\/div>\n\t\t\t\t\t\t\t\t\t\t\t<h3 class=\"yotu-video-title\">Me As the Devil ~ Cannibal [Official Music Video]<\/h3>\n\t\t\t\t\t\t\t\t\t\t\t\t\t\t\t\t\t\t\t<\/a>\n\t\t\t\t\t\t\t<\/li>\n\t\t\t\t\n\t\t\t\t<\/ul>\n<\/div><div class=\"yotu-pagination yotu-hide yotu-pager_layout-default yotu-pagination-bottom\">\n<a href=\"#\" class=\"yotu-pagination-prev yotu-button-prs yotu-button-prs-1\" data-page=\"prev\">Prev<\/a>\n<span class=\"yotu-pagination-current\">1<\/span> <span>of<\/span> <span class=\"yotu-pagination-total\">1<\/span>\n<a href=\"#\" class=\"yotu-pagination-next yotu-button-prs yotu-button-prs-1\" data-page=\"next\">Next<\/a>\n<\/div>\n\t\t\t\t<\/div>\n\t\t\t<\/div>\n\t\t\t\n<p>Can also be downloaded on <a href=\"https:\/\/measthedevil.bandcamp.com\/\" target=\"_blank\" rel=\"noopener\">Bandcamp<\/a>.<\/p>\n","protected":false},"excerpt":{"rendered":"<p>Cannibal is the second opus from<a href=\"https:\/\/recette.newdeal-music.fr\/measthedevil\/\">Me As The Devil.<\/a> Limited Edition. Silkscreened 180g vinyl record.<\/p>\n","protected":false},"featured_media":11630,"comment_status":"open","ping_status":"closed","template":"","meta":{"_exactmetrics_skip_tracking":false,"_exactmetrics_sitenote_active":false,"_exactmetrics_sitenote_note":"","_exactmetrics_sitenote_category":0,"ngg_post_thumbnail":0,"_EventAllDay":false,"_EventTimezone":"","_EventStartDate":"","_EventEndDate":"","_EventStartDateUTC":"","_EventEndDateUTC":"","_EventShowMap":false,"_EventShowMapLink":false,"_EventURL":"","_EventCost":"","_EventCostDescription":"","_EventCurrencySymbol":"","_EventCurrencyCode":"","_EventCurrencyPosition":"","_EventDateTimeSeparator":"","_EventTimeRangeSeparator":"","_EventOrganizerID":[],"_EventVenueID":[],"_OrganizerEmail":"","_OrganizerPhone":"","_OrganizerWebsite":"","_VenueAddress":"","_VenueCity":"","_VenueCountry":"","_VenueProvince":"","_VenueState":"","_VenueZip":"","_VenuePhone":"","_VenueURL":"","_VenueStateProvince":"","_VenueLat":"","_VenueLng":"","_VenueShowMap":false,"_VenueShowMapLink":false},"product_cat":[235],"product_tag":[],"class_list":{"0":"post-11637","1":"product","2":"type-product","3":"status-publish","4":"has-post-thumbnail","6":"product_cat-vinyl","7":"show-image","9":"first","10":"instock","11":"shipping-taxable","12":"purchasable","13":"product-type-simple","14":"add-to-wishlist-after_add_to_cart"},"yoast_head":"<!-- This site is optimized with the Yoast SEO plugin v23.1 - https:\/\/yoast.com\/wordpress\/plugins\/seo\/ -->\n<title>Me As The Devil - Cannibal - New Deal Music<\/title>\n<meta name=\"description\" content=\"Cannibal is the second opus from Me As The Devil. Vinyle in 180 g silkcreened limited edition.\" \/>\n<meta name=\"robots\" content=\"index, follow, max-snippet:-1, max-image-preview:large, max-video-preview:-1\" \/>\n<link rel=\"canonical\" href=\"https:\/\/www.newdeal-music.fr\/en\/product\/me-as-the-devil-cannibal\/\" \/>\n<meta property=\"og:locale\" content=\"en_US\" \/>\n<meta property=\"og:type\" content=\"article\" \/>\n<meta property=\"og:title\" content=\"Me As The Devil - Cannibal - New Deal Music\" \/>\n<meta property=\"og:description\" content=\"Cannibal is the second opus from Me As The Devil. Vinyle in 180 g silkcreened limited edition.\" \/>\n<meta property=\"og:url\" content=\"https:\/\/www.newdeal-music.fr\/en\/product\/me-as-the-devil-cannibal\/\" \/>\n<meta property=\"og:site_name\" content=\"New Deal Music\" \/>\n<meta property=\"article:modified_time\" content=\"2021-06-28T06:40:26+00:00\" \/>\n<meta property=\"og:image\" content=\"https:\/\/www.newdeal-music.fr\/wp-content\/uploads\/2021\/06\/Me-As-the-Devil-Cannibal-EP-cover-.jpg\" \/>\n\t<meta property=\"og:image:width\" content=\"1852\" \/>\n\t<meta property=\"og:image:height\" content=\"1867\" \/>\n\t<meta property=\"og:image:type\" content=\"image\/jpeg\" \/>\n<meta name=\"twitter:card\" content=\"summary_large_image\" \/>\n<script type=\"application\/ld+json\" class=\"yoast-schema-graph\">{\"@context\":\"https:\/\/schema.org\",\"@graph\":[{\"@type\":\"WebPage\",\"@id\":\"https:\/\/www.newdeal-music.fr\/en\/product\/me-as-the-devil-cannibal\/\",\"url\":\"https:\/\/www.newdeal-music.fr\/en\/product\/me-as-the-devil-cannibal\/\",\"name\":\"Me As The Devil - Cannibal - New Deal Music\",\"isPartOf\":{\"@id\":\"https:\/\/www.newdeal-music.fr\/en\/#website\"},\"primaryImageOfPage\":{\"@id\":\"https:\/\/www.newdeal-music.fr\/en\/product\/me-as-the-devil-cannibal\/#primaryimage\"},\"image\":{\"@id\":\"https:\/\/www.newdeal-music.fr\/en\/product\/me-as-the-devil-cannibal\/#primaryimage\"},\"thumbnailUrl\":\"https:\/\/www.newdeal-music.fr\/wp-content\/uploads\/2021\/06\/Me-As-the-Devil-Cannibal-EP-cover-.jpg\",\"datePublished\":\"2021-06-23T11:35:05+00:00\",\"dateModified\":\"2021-06-28T06:40:26+00:00\",\"description\":\"Cannibal is the second opus from Me As The Devil. Vinyle in 180 g silkcreened limited edition.\",\"breadcrumb\":{\"@id\":\"https:\/\/www.newdeal-music.fr\/en\/product\/me-as-the-devil-cannibal\/#breadcrumb\"},\"inLanguage\":\"en-US\",\"potentialAction\":[{\"@type\":\"ReadAction\",\"target\":[\"https:\/\/www.newdeal-music.fr\/en\/product\/me-as-the-devil-cannibal\/\"]}]},{\"@type\":\"ImageObject\",\"inLanguage\":\"en-US\",\"@id\":\"https:\/\/www.newdeal-music.fr\/en\/product\/me-as-the-devil-cannibal\/#primaryimage\",\"url\":\"https:\/\/www.newdeal-music.fr\/wp-content\/uploads\/2021\/06\/Me-As-the-Devil-Cannibal-EP-cover-.jpg\",\"contentUrl\":\"https:\/\/www.newdeal-music.fr\/wp-content\/uploads\/2021\/06\/Me-As-the-Devil-Cannibal-EP-cover-.jpg\",\"width\":1852,\"height\":1867,\"caption\":\"Cannibal - 2013\"},{\"@type\":\"BreadcrumbList\",\"@id\":\"https:\/\/www.newdeal-music.fr\/en\/product\/me-as-the-devil-cannibal\/#breadcrumb\",\"itemListElement\":[{\"@type\":\"ListItem\",\"position\":1,\"name\":\"Accueil\",\"item\":\"https:\/\/www.newdeal-music.fr\/en\/\"},{\"@type\":\"ListItem\",\"position\":2,\"name\":\"Shop\",\"item\":\"https:\/\/www.newdeal-music.fr\/en\/shop\/\"},{\"@type\":\"ListItem\",\"position\":3,\"name\":\"Me As The Devil &#8211; Cannibal\"}]},{\"@type\":\"WebSite\",\"@id\":\"https:\/\/www.newdeal-music.fr\/en\/#website\",\"url\":\"https:\/\/www.newdeal-music.fr\/en\/\",\"name\":\"New Deal Music\",\"description\":\"High Quality Rock Productions\",\"publisher\":{\"@id\":\"https:\/\/www.newdeal-music.fr\/en\/#organization\"},\"potentialAction\":[{\"@type\":\"SearchAction\",\"target\":{\"@type\":\"EntryPoint\",\"urlTemplate\":\"https:\/\/www.newdeal-music.fr\/en\/?s={search_term_string}\"},\"query-input\":\"required name=search_term_string\"}],\"inLanguage\":\"en-US\"},{\"@type\":\"Organization\",\"@id\":\"https:\/\/www.newdeal-music.fr\/en\/#organization\",\"name\":\"New Deal Music\",\"url\":\"https:\/\/www.newdeal-music.fr\/en\/\",\"logo\":{\"@type\":\"ImageObject\",\"inLanguage\":\"en-US\",\"@id\":\"https:\/\/www.newdeal-music.fr\/en\/#\/schema\/logo\/image\/\",\"url\":\"https:\/\/www.newdeal-music.fr\/wp-content\/uploads\/2021\/05\/ND_LOGO.jpg\",\"contentUrl\":\"https:\/\/www.newdeal-music.fr\/wp-content\/uploads\/2021\/05\/ND_LOGO.jpg\",\"width\":160,\"height\":160,\"caption\":\"New Deal Music\"},\"image\":{\"@id\":\"https:\/\/www.newdeal-music.fr\/en\/#\/schema\/logo\/image\/\"}}]}<\/script>\n<!-- \/ Yoast SEO plugin. -->","yoast_head_json":{"title":"Me As The Devil - Cannibal - New Deal Music","description":"Cannibal is the second opus from Me As The Devil. Vinyle in 180 g silkcreened limited edition.","robots":{"index":"index","follow":"follow","max-snippet":"max-snippet:-1","max-image-preview":"max-image-preview:large","max-video-preview":"max-video-preview:-1"},"canonical":"https:\/\/www.newdeal-music.fr\/en\/product\/me-as-the-devil-cannibal\/","og_locale":"en_US","og_type":"article","og_title":"Me As The Devil - Cannibal - New Deal Music","og_description":"Cannibal is the second opus from Me As The Devil. Vinyle in 180 g silkcreened limited edition.","og_url":"https:\/\/www.newdeal-music.fr\/en\/product\/me-as-the-devil-cannibal\/","og_site_name":"New Deal Music","article_modified_time":"2021-06-28T06:40:26+00:00","og_image":[{"width":1852,"height":1867,"url":"https:\/\/www.newdeal-music.fr\/wp-content\/uploads\/2021\/06\/Me-As-the-Devil-Cannibal-EP-cover-.jpg","type":"image\/jpeg"}],"twitter_card":"summary_large_image","schema":{"@context":"https:\/\/schema.org","@graph":[{"@type":"WebPage","@id":"https:\/\/www.newdeal-music.fr\/en\/product\/me-as-the-devil-cannibal\/","url":"https:\/\/www.newdeal-music.fr\/en\/product\/me-as-the-devil-cannibal\/","name":"Me As The Devil - Cannibal - New Deal Music","isPartOf":{"@id":"https:\/\/www.newdeal-music.fr\/en\/#website"},"primaryImageOfPage":{"@id":"https:\/\/www.newdeal-music.fr\/en\/product\/me-as-the-devil-cannibal\/#primaryimage"},"image":{"@id":"https:\/\/www.newdeal-music.fr\/en\/product\/me-as-the-devil-cannibal\/#primaryimage"},"thumbnailUrl":"https:\/\/www.newdeal-music.fr\/wp-content\/uploads\/2021\/06\/Me-As-the-Devil-Cannibal-EP-cover-.jpg","datePublished":"2021-06-23T11:35:05+00:00","dateModified":"2021-06-28T06:40:26+00:00","description":"Cannibal is the second opus from Me As The Devil. Vinyle in 180 g silkcreened limited edition.","breadcrumb":{"@id":"https:\/\/www.newdeal-music.fr\/en\/product\/me-as-the-devil-cannibal\/#breadcrumb"},"inLanguage":"en-US","potentialAction":[{"@type":"ReadAction","target":["https:\/\/www.newdeal-music.fr\/en\/product\/me-as-the-devil-cannibal\/"]}]},{"@type":"ImageObject","inLanguage":"en-US","@id":"https:\/\/www.newdeal-music.fr\/en\/product\/me-as-the-devil-cannibal\/#primaryimage","url":"https:\/\/www.newdeal-music.fr\/wp-content\/uploads\/2021\/06\/Me-As-the-Devil-Cannibal-EP-cover-.jpg","contentUrl":"https:\/\/www.newdeal-music.fr\/wp-content\/uploads\/2021\/06\/Me-As-the-Devil-Cannibal-EP-cover-.jpg","width":1852,"height":1867,"caption":"Cannibal - 2013"},{"@type":"BreadcrumbList","@id":"https:\/\/www.newdeal-music.fr\/en\/product\/me-as-the-devil-cannibal\/#breadcrumb","itemListElement":[{"@type":"ListItem","position":1,"name":"Accueil","item":"https:\/\/www.newdeal-music.fr\/en\/"},{"@type":"ListItem","position":2,"name":"Shop","item":"https:\/\/www.newdeal-music.fr\/en\/shop\/"},{"@type":"ListItem","position":3,"name":"Me As The Devil &#8211; Cannibal"}]},{"@type":"WebSite","@id":"https:\/\/www.newdeal-music.fr\/en\/#website","url":"https:\/\/www.newdeal-music.fr\/en\/","name":"New Deal Music","description":"High Quality Rock Productions","publisher":{"@id":"https:\/\/www.newdeal-music.fr\/en\/#organization"},"potentialAction":[{"@type":"SearchAction","target":{"@type":"EntryPoint","urlTemplate":"https:\/\/www.newdeal-music.fr\/en\/?s={search_term_string}"},"query-input":"required name=search_term_string"}],"inLanguage":"en-US"},{"@type":"Organization","@id":"https:\/\/www.newdeal-music.fr\/en\/#organization","name":"New Deal Music","url":"https:\/\/www.newdeal-music.fr\/en\/","logo":{"@type":"ImageObject","inLanguage":"en-US","@id":"https:\/\/www.newdeal-music.fr\/en\/#\/schema\/logo\/image\/","url":"https:\/\/www.newdeal-music.fr\/wp-content\/uploads\/2021\/05\/ND_LOGO.jpg","contentUrl":"https:\/\/www.newdeal-music.fr\/wp-content\/uploads\/2021\/05\/ND_LOGO.jpg","width":160,"height":160,"caption":"New Deal Music"},"image":{"@id":"https:\/\/www.newdeal-music.fr\/en\/#\/schema\/logo\/image\/"}}]}},"_links":{"self":[{"href":"https:\/\/www.newdeal-music.fr\/en\/wp-json\/wp\/v2\/product\/11637"}],"collection":[{"href":"https:\/\/www.newdeal-music.fr\/en\/wp-json\/wp\/v2\/product"}],"about":[{"href":"https:\/\/www.newdeal-music.fr\/en\/wp-json\/wp\/v2\/types\/product"}],"replies":[{"embeddable":true,"href":"https:\/\/www.newdeal-music.fr\/en\/wp-json\/wp\/v2\/comments?post=11637"}],"wp:featuredmedia":[{"embeddable":true,"href":"https:\/\/www.newdeal-music.fr\/en\/wp-json\/wp\/v2\/media\/11630"}],"wp:attachment":[{"href":"https:\/\/www.newdeal-music.fr\/en\/wp-json\/wp\/v2\/media?parent=11637"}],"wp:term":[{"taxonomy":"product_cat","embeddable":true,"href":"https:\/\/www.newdeal-music.fr\/en\/wp-json\/wp\/v2\/product_cat?post=11637"},{"taxonomy":"product_tag","embeddable":true,"href":"https:\/\/www.newdeal-music.fr\/en\/wp-json\/wp\/v2\/product_tag?post=11637"}],"curies":[{"name":"wp","href":"https:\/\/api.w.org\/{rel}","templated":true}]}}