{"id":11656,"date":"2021-06-25T07:56:55","date_gmt":"2021-06-28T06:19:11","guid":{"rendered":"https:\/\/www.newdeal-music.fr\/produit\/me-as-the-devil\/"},"modified":"2021-06-28T07:37:22","modified_gmt":"2021-06-28T06:37:22","slug":"measthedevil","status":"publish","type":"product","link":"https:\/\/www.newdeal-music.fr\/en\/product\/measthedevil\/","title":{"rendered":"Me As The Devil"},"content":{"rendered":"<p><strong>In the media<\/strong>:<\/p>\n<p><a href=\"https:\/\/www.rocknfolk.com\/\" target=\"_blank\" rel=\"noopener\">ROCK\u2019N\u2019FOLK<\/a> : <em>\u201cSon premier album impressionne par son intensit\u00e9 t\u00e9n\u00e9breuse. Il restitue de mani\u00e8re assez impressionnante l&#8217;impact sonore d&#8217;un univers tortur\u00e9&#8230;&#8221;<\/em><\/p>\n<p>D-SIDE : <em>&#8220;&#8230;ce m\u00e9lange d&#8217;ambiguit\u00e9, d&#8217;\u00e9nergie, et de poses th\u00e9atrales fonctionne \u00e0 plein&#8230; Vivement la suite&#8230;&#8221;<\/em><\/p>\n<p>METAL SICKNESS : <em>&#8220;&#8230;un disque sombre, beau, lourd et violent.\u201d<\/em><\/p>\n<p><a href=\"http:\/\/nawakposse.com\/accueil.html\" target=\"_blank\" rel=\"noopener\">NAWAK POSSE<\/a>&nbsp;: <em>\u201cUn premier album et d\u00e9j\u00e0 un coup de ma\u00eetre !&#8221;<\/em><\/p>\n<p><a href=\"https:\/\/www.metalfrance.net\/\" target=\"_blank\" rel=\"noopener\">METAL FRANCE<\/a>&nbsp;: <em>\u201cUn vrai bijou !&#8230;une musique vraiment riche et envo\u00fbtante.&#8221;<\/em><\/p>\n<p><a href=\"https:\/\/www.french-metal.com\/\" target=\"_blank\" rel=\"noopener\">FRENCH METAL<\/a> : <em>\u201c&#8230;un album magistral !\u201d<\/em><\/p>\n<p><strong>Tracks:<\/strong><\/p>\n<ol>\n<li>Bitch<\/li>\n<li>Evil Eyes (Devil&#8217;s Child)<\/li>\n<li>Mr Renfield<\/li>\n<li>The Razor&#8217;s Light<\/li>\n<li>People<\/li>\n<li>The Great Escape Plan<\/li>\n<li>Spider Face<\/li>\n<li>Deadly Hopes<\/li>\n<li>First Time<\/li>\n<li>The Beast<\/li>\n<li>Staring at the Moon<\/li>\n<li>Land of Sorrow<\/li>\n<\/ol>\n<p><strong>In Video:<\/strong><\/p>\n\t\t\t<div \n\t\t\tclass=\"yotu-playlist yotuwp yotu-limit-min yotu-limit-max   yotu-thumb-169  yotu-template-grid\" \n\t\t\tdata-page=\"1\"\n\t\t\tid=\"yotuwp-69f8eacc0226c\"\n\t\t\tdata-yotu=\"69f8eacc2fc84\"\n\t\t\tdata-total=\"1\"\n\t\t\tdata-settings=\"eyJ0eXBlIjoicGxheWxpc3QiLCJpZCI6IlBMNzlISDQ3cExQbDE5XzF2cFhzamNueEF2d1pLbDdVLWkiLCJwYWdpbmF0aW9uIjoib24iLCJwYWdpdHlwZSI6InBhZ2VyIiwiY29sdW1uIjoiMyIsInBlcl9wYWdlIjoiMTIiLCJ0ZW1wbGF0ZSI6ImdyaWQiLCJ0aXRsZSI6Im9uIiwiZGVzY3JpcHRpb24iOiJvZmYiLCJ0aHVtYnJhdGlvIjoiMTY5IiwibWV0YSI6Im9mZiIsIm1ldGFfZGF0YSI6Im9mZiIsIm1ldGFfcG9zaXRpb24iOiJvZmYiLCJkYXRlX2Zvcm1hdCI6Im9mZiIsIm1ldGFfYWxpZ24iOiJvZmYiLCJzdWJzY3JpYmUiOiJvZmYiLCJkdXJhdGlvbiI6Im9mZiIsIm1ldGFfaWNvbiI6Im9mZiIsIm5leHR0ZXh0IjoiIiwicHJldnRleHQiOiIiLCJsb2FkbW9yZXRleHQiOiIiLCJwbGF5ZXIiOnsibW9kZSI6ImxhcmdlIiwid2lkdGgiOiI2MDAiLCJzY3JvbGxpbmciOiIxMDAiLCJhdXRvcGxheSI6MCwiY29udHJvbHMiOjEsIm1vZGVzdGJyYW5kaW5nIjoxLCJsb29wIjowLCJhdXRvbmV4dCI6MCwic2hvd2luZm8iOjEsInJlbCI6MSwicGxheWluZyI6MCwicGxheWluZ19kZXNjcmlwdGlvbiI6MCwidGh1bWJuYWlscyI6MCwiY2NfbG9hZF9wb2xpY3kiOiIxIiwiY2NfbGFuZ19wcmVmIjoiMSIsImhsIjoiIiwiaXZfbG9hZF9wb2xpY3kiOiIxIn0sImxhc3RfdGFiIjoic2V0dGluZ3MiLCJ1c2VfYXNfbW9kYWwiOiJvZmYiLCJtb2RhbF9pZCI6Im9mZiIsImxhc3RfdXBkYXRlIjoiMTYyMDQ5NDU1MSIsInN0eWxpbmciOnsicGFnZXJfbGF5b3V0IjoiZGVmYXVsdCIsImJ1dHRvbiI6IjEiLCJidXR0b25fY29sb3IiOiIiLCJidXR0b25fYmdfY29sb3IiOiIiLCJidXR0b25fY29sb3JfaG92ZXIiOiIiLCJidXR0b25fYmdfY29sb3JfaG92ZXIiOiIiLCJ2aWRlb19zdHlsZSI6IiIsInBsYXlpY29uX2NvbG9yIjoiIiwiaG92ZXJfaWNvbiI6IiIsImdhbGxlcnlfYmciOiIifSwiZWZmZWN0cyI6eyJ2aWRlb19ib3giOiIiLCJmbGlwX2VmZmVjdCI6IiJ9LCJnYWxsZXJ5X2lkIjoiNjlmOGVhY2MwMjI2YyIsIm5leHQiOiIiLCJwcmV2IjoiIn0=\"\n\t\t\tdata-player=\"large\"\n\t\t\tdata-showdesc=\"off\" >\n\t\t\t\t<div>\n\t\t\t\t\t\t\t\t\t\t<div class=\"yotu-wrapper-player\" style=\"width:600px\">\n\t\t\t\t\t\t\t\t\t\t\t\t<div class=\"yotu-player\">\n\t\t\t\t\t\t\t<div class=\"yotu-video-placeholder\" id=\"yotu-player-69f8eacc2fc84\"><\/div>\n\t\t\t\t\t\t<\/div>\n\t\t\t\t\t\t<div class=\"yotu-playing-status\"><\/div>\n\t\t\t\t\t\t\t\t\t\t\t<\/div>\n\n\t\t\t\t\t<div class=\"yotu-pagination yotu-hide yotu-pager_layout-default yotu-pagination-top\">\n<a href=\"#\" class=\"yotu-pagination-prev yotu-button-prs yotu-button-prs-1\" data-page=\"prev\">Prev<\/a>\n<span class=\"yotu-pagination-current\">1<\/span> <span>of<\/span> <span class=\"yotu-pagination-total\">1<\/span>\n<a href=\"#\" class=\"yotu-pagination-next yotu-button-prs yotu-button-prs-1\" data-page=\"next\">Next<\/a>\n<\/div>\n<div class=\"yotu-videos yotu-mode-grid yotu-column-3 yotu-player-mode-large\">\n\t<ul>\n\t\t\t\t\t<li class=\" yotu-first\">\n\t\t\t\t\t\t\t\t<a href=\"#co_T06b6wwQ\" class=\"yotu-video\" data-videoid=\"co_T06b6wwQ\" data-title=\"Me As the Devil ~ Cannibal [Official Music Video]\" title=\"Me As the Devil ~ Cannibal [Official Music Video]\">\n\t\t\t\t\t<div class=\"yotu-video-thumb-wrp\">\n\t\t\t\t\t\t<div>\n\t\t\t\t\t\t\t\t\t\t\t\t\t\t<img decoding=\"async\" class=\"yotu-video-thumb\" src=\"https:\/\/i.ytimg.com\/vi\/co_T06b6wwQ\/sddefault.jpg\" alt=\"Me As the Devil ~ Cannibal [Official Music Video]\">\t\n\t\t\t\t\t\t\t\t\t\t\t\t\t<\/div>\n\t\t\t\t\t<\/div>\n\t\t\t\t\t\t\t\t\t\t\t<h3 class=\"yotu-video-title\">Me As the Devil ~ Cannibal [Official Music Video]<\/h3>\n\t\t\t\t\t\t\t\t\t\t\t\t\t\t\t\t\t\t\t<\/a>\n\t\t\t\t\t\t\t<\/li>\n\t\t\t\t\n\t\t\t\t\t\t<li class=\" yotu-last\">\n\t\t\t\t\t\t\t\t<a href=\"#IGILQhpaeS8\" class=\"yotu-video\" data-videoid=\"IGILQhpaeS8\" data-title=\"Me As the Devil - Sunrise\" title=\"Me As the Devil - Sunrise\">\n\t\t\t\t\t<div class=\"yotu-video-thumb-wrp\">\n\t\t\t\t\t\t<div>\n\t\t\t\t\t\t\t\t\t\t\t\t\t\t<img decoding=\"async\" class=\"yotu-video-thumb\" src=\"https:\/\/i.ytimg.com\/vi\/IGILQhpaeS8\/sddefault.jpg\" alt=\"Me As the Devil - Sunrise\">\t\n\t\t\t\t\t\t\t\t\t\t\t\t\t<\/div>\n\t\t\t\t\t<\/div>\n\t\t\t\t\t\t\t\t\t\t\t<h3 class=\"yotu-video-title\">Me As the Devil - Sunrise<\/h3>\n\t\t\t\t\t\t\t\t\t\t\t\t\t\t\t\t\t\t\t<\/a>\n\t\t\t\t\t\t\t<\/li>\n\t\t\t\t\n\t\t\t\t<\/ul>\n<\/div><div class=\"yotu-pagination yotu-hide yotu-pager_layout-default yotu-pagination-bottom\">\n<a href=\"#\" class=\"yotu-pagination-prev yotu-button-prs yotu-button-prs-1\" data-page=\"prev\">Prev<\/a>\n<span class=\"yotu-pagination-current\">1<\/span> <span>of<\/span> <span class=\"yotu-pagination-total\">1<\/span>\n<a href=\"#\" class=\"yotu-pagination-next yotu-button-prs yotu-button-prs-1\" data-page=\"next\">Next<\/a>\n<\/div>\n\t\t\t\t<\/div>\n\t\t\t<\/div>\n\t\t\t\n<p>Available on <a href=\"https:\/\/deezer.com\/fr\/album\/511514\" target=\"_blank\" rel=\"noopener\">Deezer<\/a>.<\/p>\n","protected":false},"excerpt":{"rendered":"<p><a href=\"https:\/\/recette.newdeal-music.fr\/measthedevil\/\">Me As The Devi<\/a>l is the first album of the band, released in 2010. Digisleeve 3-folds CD.&nbsp;<\/p>\n","protected":false},"featured_media":11627,"comment_status":"open","ping_status":"closed","template":"","meta":{"_exactmetrics_skip_tracking":false,"_exactmetrics_sitenote_active":false,"_exactmetrics_sitenote_note":"","_exactmetrics_sitenote_category":0,"ngg_post_thumbnail":0,"_EventAllDay":false,"_EventTimezone":"","_EventStartDate":"","_EventEndDate":"","_EventStartDateUTC":"","_EventEndDateUTC":"","_EventShowMap":false,"_EventShowMapLink":false,"_EventURL":"","_EventCost":"","_EventCostDescription":"","_EventCurrencySymbol":"","_EventCurrencyCode":"","_EventCurrencyPosition":"","_EventDateTimeSeparator":"","_EventTimeRangeSeparator":"","_EventOrganizerID":[],"_EventVenueID":[],"_OrganizerEmail":"","_OrganizerPhone":"","_OrganizerWebsite":"","_VenueAddress":"","_VenueCity":"","_VenueCountry":"","_VenueProvince":"","_VenueState":"","_VenueZip":"","_VenuePhone":"","_VenueURL":"","_VenueStateProvince":"","_VenueLat":"","_VenueLng":"","_VenueShowMap":false,"_VenueShowMapLink":false},"product_cat":[234],"product_tag":[],"class_list":{"0":"post-11656","1":"product","2":"type-product","3":"status-publish","4":"has-post-thumbnail","6":"product_cat-cd-en","7":"show-image","9":"first","10":"instock","11":"shipping-taxable","12":"purchasable","13":"product-type-simple","14":"add-to-wishlist-after_add_to_cart"},"yoast_head":"<!-- This site is optimized with the Yoast SEO plugin v23.1 - https:\/\/yoast.com\/wordpress\/plugins\/seo\/ -->\n<title>Me As The Devil - New Deal Music<\/title>\n<meta name=\"description\" content=\"Me As The Devil is the first album of the band, released in 2010. Digisleeve 3-folds CD.\" \/>\n<meta name=\"robots\" content=\"index, follow, max-snippet:-1, max-image-preview:large, max-video-preview:-1\" \/>\n<link rel=\"canonical\" href=\"https:\/\/www.newdeal-music.fr\/en\/product\/measthedevil\/\" \/>\n<meta property=\"og:locale\" content=\"en_US\" \/>\n<meta property=\"og:type\" content=\"article\" \/>\n<meta property=\"og:title\" content=\"Me As The Devil - New Deal Music\" \/>\n<meta property=\"og:description\" content=\"Me As The Devil is the first album of the band, released in 2010. Digisleeve 3-folds CD.\" \/>\n<meta property=\"og:url\" content=\"https:\/\/www.newdeal-music.fr\/en\/product\/measthedevil\/\" \/>\n<meta property=\"og:site_name\" content=\"New Deal Music\" \/>\n<meta property=\"article:modified_time\" content=\"2021-06-28T06:37:22+00:00\" \/>\n<meta property=\"og:image\" content=\"https:\/\/www.newdeal-music.fr\/wp-content\/uploads\/2021\/06\/Me-As-the-Devil-1er-LP.jpg\" \/>\n\t<meta property=\"og:image:width\" content=\"600\" \/>\n\t<meta property=\"og:image:height\" content=\"545\" \/>\n\t<meta property=\"og:image:type\" content=\"image\/jpeg\" \/>\n<meta name=\"twitter:card\" content=\"summary_large_image\" \/>\n<meta name=\"twitter:label1\" content=\"Est. reading time\" \/>\n\t<meta name=\"twitter:data1\" content=\"1 minute\" \/>\n<script type=\"application\/ld+json\" class=\"yoast-schema-graph\">{\"@context\":\"https:\/\/schema.org\",\"@graph\":[{\"@type\":\"WebPage\",\"@id\":\"https:\/\/www.newdeal-music.fr\/en\/product\/measthedevil\/\",\"url\":\"https:\/\/www.newdeal-music.fr\/en\/product\/measthedevil\/\",\"name\":\"Me As The Devil - New Deal Music\",\"isPartOf\":{\"@id\":\"https:\/\/www.newdeal-music.fr\/en\/#website\"},\"primaryImageOfPage\":{\"@id\":\"https:\/\/www.newdeal-music.fr\/en\/product\/measthedevil\/#primaryimage\"},\"image\":{\"@id\":\"https:\/\/www.newdeal-music.fr\/en\/product\/measthedevil\/#primaryimage\"},\"thumbnailUrl\":\"https:\/\/www.newdeal-music.fr\/wp-content\/uploads\/2021\/06\/Me-As-the-Devil-1er-LP.jpg\",\"datePublished\":\"2021-06-28T06:19:11+00:00\",\"dateModified\":\"2021-06-28T06:37:22+00:00\",\"description\":\"Me As The Devil is the first album of the band, released in 2010. Digisleeve 3-folds CD.\",\"breadcrumb\":{\"@id\":\"https:\/\/www.newdeal-music.fr\/en\/product\/measthedevil\/#breadcrumb\"},\"inLanguage\":\"en-US\",\"potentialAction\":[{\"@type\":\"ReadAction\",\"target\":[\"https:\/\/www.newdeal-music.fr\/en\/product\/measthedevil\/\"]}]},{\"@type\":\"ImageObject\",\"inLanguage\":\"en-US\",\"@id\":\"https:\/\/www.newdeal-music.fr\/en\/product\/measthedevil\/#primaryimage\",\"url\":\"https:\/\/www.newdeal-music.fr\/wp-content\/uploads\/2021\/06\/Me-As-the-Devil-1er-LP.jpg\",\"contentUrl\":\"https:\/\/www.newdeal-music.fr\/wp-content\/uploads\/2021\/06\/Me-As-the-Devil-1er-LP.jpg\",\"width\":600,\"height\":545,\"caption\":\"Me As The Devil - 2010\"},{\"@type\":\"BreadcrumbList\",\"@id\":\"https:\/\/www.newdeal-music.fr\/en\/product\/measthedevil\/#breadcrumb\",\"itemListElement\":[{\"@type\":\"ListItem\",\"position\":1,\"name\":\"Accueil\",\"item\":\"https:\/\/www.newdeal-music.fr\/en\/\"},{\"@type\":\"ListItem\",\"position\":2,\"name\":\"Shop\",\"item\":\"https:\/\/www.newdeal-music.fr\/en\/shop\/\"},{\"@type\":\"ListItem\",\"position\":3,\"name\":\"Me As The Devil\"}]},{\"@type\":\"WebSite\",\"@id\":\"https:\/\/www.newdeal-music.fr\/en\/#website\",\"url\":\"https:\/\/www.newdeal-music.fr\/en\/\",\"name\":\"New Deal Music\",\"description\":\"High Quality Rock Productions\",\"publisher\":{\"@id\":\"https:\/\/www.newdeal-music.fr\/en\/#organization\"},\"potentialAction\":[{\"@type\":\"SearchAction\",\"target\":{\"@type\":\"EntryPoint\",\"urlTemplate\":\"https:\/\/www.newdeal-music.fr\/en\/?s={search_term_string}\"},\"query-input\":\"required name=search_term_string\"}],\"inLanguage\":\"en-US\"},{\"@type\":\"Organization\",\"@id\":\"https:\/\/www.newdeal-music.fr\/en\/#organization\",\"name\":\"New Deal Music\",\"url\":\"https:\/\/www.newdeal-music.fr\/en\/\",\"logo\":{\"@type\":\"ImageObject\",\"inLanguage\":\"en-US\",\"@id\":\"https:\/\/www.newdeal-music.fr\/en\/#\/schema\/logo\/image\/\",\"url\":\"https:\/\/www.newdeal-music.fr\/wp-content\/uploads\/2021\/05\/ND_LOGO.jpg\",\"contentUrl\":\"https:\/\/www.newdeal-music.fr\/wp-content\/uploads\/2021\/05\/ND_LOGO.jpg\",\"width\":160,\"height\":160,\"caption\":\"New Deal Music\"},\"image\":{\"@id\":\"https:\/\/www.newdeal-music.fr\/en\/#\/schema\/logo\/image\/\"}}]}<\/script>\n<!-- \/ Yoast SEO plugin. -->","yoast_head_json":{"title":"Me As The Devil - New Deal Music","description":"Me As The Devil is the first album of the band, released in 2010. Digisleeve 3-folds CD.","robots":{"index":"index","follow":"follow","max-snippet":"max-snippet:-1","max-image-preview":"max-image-preview:large","max-video-preview":"max-video-preview:-1"},"canonical":"https:\/\/www.newdeal-music.fr\/en\/product\/measthedevil\/","og_locale":"en_US","og_type":"article","og_title":"Me As The Devil - New Deal Music","og_description":"Me As The Devil is the first album of the band, released in 2010. Digisleeve 3-folds CD.","og_url":"https:\/\/www.newdeal-music.fr\/en\/product\/measthedevil\/","og_site_name":"New Deal Music","article_modified_time":"2021-06-28T06:37:22+00:00","og_image":[{"width":600,"height":545,"url":"https:\/\/www.newdeal-music.fr\/wp-content\/uploads\/2021\/06\/Me-As-the-Devil-1er-LP.jpg","type":"image\/jpeg"}],"twitter_card":"summary_large_image","twitter_misc":{"Est. reading time":"1 minute"},"schema":{"@context":"https:\/\/schema.org","@graph":[{"@type":"WebPage","@id":"https:\/\/www.newdeal-music.fr\/en\/product\/measthedevil\/","url":"https:\/\/www.newdeal-music.fr\/en\/product\/measthedevil\/","name":"Me As The Devil - New Deal Music","isPartOf":{"@id":"https:\/\/www.newdeal-music.fr\/en\/#website"},"primaryImageOfPage":{"@id":"https:\/\/www.newdeal-music.fr\/en\/product\/measthedevil\/#primaryimage"},"image":{"@id":"https:\/\/www.newdeal-music.fr\/en\/product\/measthedevil\/#primaryimage"},"thumbnailUrl":"https:\/\/www.newdeal-music.fr\/wp-content\/uploads\/2021\/06\/Me-As-the-Devil-1er-LP.jpg","datePublished":"2021-06-28T06:19:11+00:00","dateModified":"2021-06-28T06:37:22+00:00","description":"Me As The Devil is the first album of the band, released in 2010. Digisleeve 3-folds CD.","breadcrumb":{"@id":"https:\/\/www.newdeal-music.fr\/en\/product\/measthedevil\/#breadcrumb"},"inLanguage":"en-US","potentialAction":[{"@type":"ReadAction","target":["https:\/\/www.newdeal-music.fr\/en\/product\/measthedevil\/"]}]},{"@type":"ImageObject","inLanguage":"en-US","@id":"https:\/\/www.newdeal-music.fr\/en\/product\/measthedevil\/#primaryimage","url":"https:\/\/www.newdeal-music.fr\/wp-content\/uploads\/2021\/06\/Me-As-the-Devil-1er-LP.jpg","contentUrl":"https:\/\/www.newdeal-music.fr\/wp-content\/uploads\/2021\/06\/Me-As-the-Devil-1er-LP.jpg","width":600,"height":545,"caption":"Me As The Devil - 2010"},{"@type":"BreadcrumbList","@id":"https:\/\/www.newdeal-music.fr\/en\/product\/measthedevil\/#breadcrumb","itemListElement":[{"@type":"ListItem","position":1,"name":"Accueil","item":"https:\/\/www.newdeal-music.fr\/en\/"},{"@type":"ListItem","position":2,"name":"Shop","item":"https:\/\/www.newdeal-music.fr\/en\/shop\/"},{"@type":"ListItem","position":3,"name":"Me As The Devil"}]},{"@type":"WebSite","@id":"https:\/\/www.newdeal-music.fr\/en\/#website","url":"https:\/\/www.newdeal-music.fr\/en\/","name":"New Deal Music","description":"High Quality Rock Productions","publisher":{"@id":"https:\/\/www.newdeal-music.fr\/en\/#organization"},"potentialAction":[{"@type":"SearchAction","target":{"@type":"EntryPoint","urlTemplate":"https:\/\/www.newdeal-music.fr\/en\/?s={search_term_string}"},"query-input":"required name=search_term_string"}],"inLanguage":"en-US"},{"@type":"Organization","@id":"https:\/\/www.newdeal-music.fr\/en\/#organization","name":"New Deal Music","url":"https:\/\/www.newdeal-music.fr\/en\/","logo":{"@type":"ImageObject","inLanguage":"en-US","@id":"https:\/\/www.newdeal-music.fr\/en\/#\/schema\/logo\/image\/","url":"https:\/\/www.newdeal-music.fr\/wp-content\/uploads\/2021\/05\/ND_LOGO.jpg","contentUrl":"https:\/\/www.newdeal-music.fr\/wp-content\/uploads\/2021\/05\/ND_LOGO.jpg","width":160,"height":160,"caption":"New Deal Music"},"image":{"@id":"https:\/\/www.newdeal-music.fr\/en\/#\/schema\/logo\/image\/"}}]}},"_links":{"self":[{"href":"https:\/\/www.newdeal-music.fr\/en\/wp-json\/wp\/v2\/product\/11656"}],"collection":[{"href":"https:\/\/www.newdeal-music.fr\/en\/wp-json\/wp\/v2\/product"}],"about":[{"href":"https:\/\/www.newdeal-music.fr\/en\/wp-json\/wp\/v2\/types\/product"}],"replies":[{"embeddable":true,"href":"https:\/\/www.newdeal-music.fr\/en\/wp-json\/wp\/v2\/comments?post=11656"}],"wp:featuredmedia":[{"embeddable":true,"href":"https:\/\/www.newdeal-music.fr\/en\/wp-json\/wp\/v2\/media\/11627"}],"wp:attachment":[{"href":"https:\/\/www.newdeal-music.fr\/en\/wp-json\/wp\/v2\/media?parent=11656"}],"wp:term":[{"taxonomy":"product_cat","embeddable":true,"href":"https:\/\/www.newdeal-music.fr\/en\/wp-json\/wp\/v2\/product_cat?post=11656"},{"taxonomy":"product_tag","embeddable":true,"href":"https:\/\/www.newdeal-music.fr\/en\/wp-json\/wp\/v2\/product_tag?post=11656"}],"curies":[{"name":"wp","href":"https:\/\/api.w.org\/{rel}","templated":true}]}}